{"id":3168,"date":"2021-01-06T07:16:47","date_gmt":"2021-01-06T07:16:47","guid":{"rendered":"https:\/\/passim.qodeinteractive.com\/?page_id=3168"},"modified":"2024-12-24T22:28:02","modified_gmt":"2024-12-24T21:28:02","slug":"lipset","status":"publish","type":"page","link":"https:\/\/theskinorganics.com\/sq\/lipset\/","title":{"rendered":"Lip Set"},"content":{"rendered":"<div data-elementor-type=\"wp-page\" data-elementor-id=\"3168\" class=\"elementor elementor-3168\">\n\t\t\t\t\t\t<section class=\"elementor-section elementor-top-section elementor-element elementor-element-4cc0445 elementor-section-full_width elementor-section-height-default elementor-section-height-default qodef-elementor-content-no\" data-id=\"4cc0445\" data-element_type=\"section\" data-settings=\"{&quot;wdt_bg_image&quot;:{&quot;url&quot;:&quot;&quot;,&quot;id&quot;:&quot;&quot;,&quot;size&quot;:&quot;&quot;},&quot;wdt_bg_image_laptop&quot;:{&quot;url&quot;:&quot;&quot;,&quot;id&quot;:&quot;&quot;,&quot;size&quot;:&quot;&quot;},&quot;wdt_bg_image_tablet_extra&quot;:{&quot;url&quot;:&quot;&quot;,&quot;id&quot;:&quot;&quot;,&quot;size&quot;:&quot;&quot;},&quot;wdt_bg_image_tablet&quot;:{&quot;url&quot;:&quot;&quot;,&quot;id&quot;:&quot;&quot;,&quot;size&quot;:&quot;&quot;},&quot;wdt_bg_image_mobile_extra&quot;:{&quot;url&quot;:&quot;&quot;,&quot;id&quot;:&quot;&quot;,&quot;size&quot;:&quot;&quot;},&quot;wdt_bg_image_mobile&quot;:{&quot;url&quot;:&quot;&quot;,&quot;id&quot;:&quot;&quot;,&quot;size&quot;:&quot;&quot;},&quot;wdt_bg_position&quot;:&quot;center center&quot;,&quot;wdt_animation_effect&quot;:&quot;none&quot;}\">\n\t\t\t\t\t\t<div class=\"elementor-container elementor-column-gap-default\">\n\t\t\t\t\t<div class=\"elementor-column elementor-col-100 elementor-top-column elementor-element elementor-element-24a9597\" data-id=\"24a9597\" data-element_type=\"column\">\n\t\t\t<div class=\"elementor-widget-wrap elementor-element-populated\">\n\t\t\t\t\t\t<div class=\"elementor-element elementor-element-6017ca1 elementor-widget elementor-widget-passim_core_billboard\" data-id=\"6017ca1\" data-element_type=\"widget\" data-settings=\"{&quot;wdt_animation_effect&quot;:&quot;none&quot;}\" data-widget_type=\"passim_core_billboard.default\">\n\t\t\t\t<div class=\"elementor-widget-container\">\n\t\t\t<div class=\"qodef-shortcode qodef-m  qodef-billboard qodef-image-orientations--left qodef-effect--scale\" style=\"height: calc(100vh - 30%)\">\n\t<div class=\"qodef-m-background-image\">\n\t<div class=\"qodef-m-image\" style=\"background-image: url(&quot;https:\/\/theskinorganics.com\/wp-content\/uploads\/2024\/12\/PrepStick-Texture-ECommerce_JPG_1_-min_800x.webp&quot;);\" data-bottom-top=\"transform: scale(1);\" data-top-bottom=\"transform: scale(1.08);\"><\/div>\n\t<img fetchpriority=\"high\" decoding=\"async\" width=\"800\" height=\"800\" src=\"https:\/\/theskinorganics.com\/wp-content\/uploads\/2024\/12\/PrepStick-Texture-ECommerce_JPG_1_-min_800x.webp\" class=\"attachment-full size-full\" alt=\"\" srcset=\"https:\/\/theskinorganics.com\/wp-content\/uploads\/2024\/12\/PrepStick-Texture-ECommerce_JPG_1_-min_800x.webp 800w, https:\/\/theskinorganics.com\/wp-content\/uploads\/2024\/12\/PrepStick-Texture-ECommerce_JPG_1_-min_800x-300x300.webp 300w, https:\/\/theskinorganics.com\/wp-content\/uploads\/2024\/12\/PrepStick-Texture-ECommerce_JPG_1_-min_800x-150x150.webp 150w, https:\/\/theskinorganics.com\/wp-content\/uploads\/2024\/12\/PrepStick-Texture-ECommerce_JPG_1_-min_800x-768x768.webp 768w, https:\/\/theskinorganics.com\/wp-content\/uploads\/2024\/12\/PrepStick-Texture-ECommerce_JPG_1_-min_800x-650x650.webp 650w, https:\/\/theskinorganics.com\/wp-content\/uploads\/2024\/12\/PrepStick-Texture-ECommerce_JPG_1_-min_800x-600x600.webp 600w, https:\/\/theskinorganics.com\/wp-content\/uploads\/2024\/12\/PrepStick-Texture-ECommerce_JPG_1_-min_800x-100x100.webp 100w, https:\/\/theskinorganics.com\/wp-content\/uploads\/2024\/12\/PrepStick-Texture-ECommerce_JPG_1_-min_800x-50x50.webp 50w\" sizes=\"(max-width: 800px) 100vw, 800px\" loading=\"eager\" \/><\/div>\n\t<div class=\"qodef-m-content\">\n\t\t<div class=\"qodef-m-content-inner\">\n\t\t\t\t<p class=\"qodef-m-text-field\" style=\"margin-top: 3px\">\n\t\tEksfolijuesi p\u00ebr buz\u00ebt\t<\/p>\n\t\t\t\t<h2 class=\"qodef-m-title\" >\n\t\tTekstur\u00eb perfekte p\u00ebr eksfolim\t<\/h2>\n\t\t\t\t<div class=\"qodef-m-button\">\n\t\t<a class=\"qodef-shortcode qodef-m  qodef-button qodef-layout--textual  qodef-html--link\" href=\"https:\/\/theskinorganics.com\/sq\/produkt\/the-lip-treatment-kit\/\" target=\"_self\"  >\t<span class=\"qodef-m-text\">merrni setin<\/span><\/a>\t<\/div>\n\t\t<\/div>\n\t<\/div>\n<\/div>\n\t\t<\/div>\n\t\t\t\t<\/div>\n\t\t\t\t\t<\/div>\n\t\t<\/div>\n\t\t\t\t\t<\/div>\n\t\t<\/section>\n\t\t\t\t<section class=\"elementor-section elementor-top-section elementor-element elementor-element-1c2df5f qodef-elementor-content-grid elementor-section-boxed elementor-section-height-default elementor-section-height-default\" data-id=\"1c2df5f\" data-element_type=\"section\" data-settings=\"{&quot;background_background&quot;:&quot;classic&quot;,&quot;wdt_bg_image&quot;:{&quot;url&quot;:&quot;&quot;,&quot;id&quot;:&quot;&quot;,&quot;size&quot;:&quot;&quot;},&quot;wdt_bg_image_laptop&quot;:{&quot;url&quot;:&quot;&quot;,&quot;id&quot;:&quot;&quot;,&quot;size&quot;:&quot;&quot;},&quot;wdt_bg_image_tablet_extra&quot;:{&quot;url&quot;:&quot;&quot;,&quot;id&quot;:&quot;&quot;,&quot;size&quot;:&quot;&quot;},&quot;wdt_bg_image_tablet&quot;:{&quot;url&quot;:&quot;&quot;,&quot;id&quot;:&quot;&quot;,&quot;size&quot;:&quot;&quot;},&quot;wdt_bg_image_mobile_extra&quot;:{&quot;url&quot;:&quot;&quot;,&quot;id&quot;:&quot;&quot;,&quot;size&quot;:&quot;&quot;},&quot;wdt_bg_image_mobile&quot;:{&quot;url&quot;:&quot;&quot;,&quot;id&quot;:&quot;&quot;,&quot;size&quot;:&quot;&quot;},&quot;wdt_bg_position&quot;:&quot;center center&quot;,&quot;wdt_animation_effect&quot;:&quot;none&quot;}\">\n\t\t\t\t\t\t<div class=\"elementor-container elementor-column-gap-default\">\n\t\t\t\t\t<div class=\"elementor-column elementor-col-100 elementor-top-column elementor-element elementor-element-72343a2\" data-id=\"72343a2\" data-element_type=\"column\">\n\t\t\t<div class=\"elementor-widget-wrap elementor-element-populated\">\n\t\t\t\t\t\t<div class=\"elementor-element elementor-element-c300445 elementor-widget__width-initial elementor-widget elementor-widget-passim_core_section_title\" data-id=\"c300445\" data-element_type=\"widget\" data-settings=\"{&quot;wdt_animation_effect&quot;:&quot;none&quot;}\" data-widget_type=\"passim_core_section_title.default\">\n\t\t\t\t<div class=\"elementor-widget-container\">\n\t\t\t<div class=\"qodef-shortcode qodef-m  qodef-section-title qodef-alignment--center\">\n\t\t<h3 class=\"qodef-m-title\" >\n\t\t\t\t\tBuz\u00eb t\u00eb buta dhe t\u00eb puthshme pas vet\u00ebm nj\u00eb p\u00ebrdorimi.\t\t\t<\/h3>\n\t\t\t<p class=\"qodef-m-text\" >Ky eksfoliues largon but\u00ebsisht l\u00ebkur\u00ebn e that\u00eb dhe t\u00eb vdekur (pa rr\u00ebmuj\u00eb!) p\u00ebr t'i rikthyer buz\u00ebt tuaja n\u00eb gjendjen e tyre m\u00eb t\u00eb sh\u00ebndetshme.<\/p>\n<\/div>\n\t\t<\/div>\n\t\t\t\t<\/div>\n\t\t\t\t\t<\/div>\n\t\t<\/div>\n\t\t\t\t\t<\/div>\n\t\t<\/section>\n\t\t\t\t<section class=\"elementor-section elementor-top-section elementor-element elementor-element-f086d80 elementor-section-full_width elementor-section-height-default elementor-section-height-default qodef-elementor-content-no\" data-id=\"f086d80\" data-element_type=\"section\" data-settings=\"{&quot;wdt_bg_image&quot;:{&quot;url&quot;:&quot;&quot;,&quot;id&quot;:&quot;&quot;,&quot;size&quot;:&quot;&quot;},&quot;wdt_bg_image_laptop&quot;:{&quot;url&quot;:&quot;&quot;,&quot;id&quot;:&quot;&quot;,&quot;size&quot;:&quot;&quot;},&quot;wdt_bg_image_tablet_extra&quot;:{&quot;url&quot;:&quot;&quot;,&quot;id&quot;:&quot;&quot;,&quot;size&quot;:&quot;&quot;},&quot;wdt_bg_image_tablet&quot;:{&quot;url&quot;:&quot;&quot;,&quot;id&quot;:&quot;&quot;,&quot;size&quot;:&quot;&quot;},&quot;wdt_bg_image_mobile_extra&quot;:{&quot;url&quot;:&quot;&quot;,&quot;id&quot;:&quot;&quot;,&quot;size&quot;:&quot;&quot;},&quot;wdt_bg_image_mobile&quot;:{&quot;url&quot;:&quot;&quot;,&quot;id&quot;:&quot;&quot;,&quot;size&quot;:&quot;&quot;},&quot;wdt_bg_position&quot;:&quot;center center&quot;,&quot;wdt_animation_effect&quot;:&quot;none&quot;}\">\n\t\t\t\t\t\t<div class=\"elementor-container elementor-column-gap-default\">\n\t\t\t\t\t<div class=\"elementor-column elementor-col-100 elementor-top-column elementor-element elementor-element-f2b1b26\" data-id=\"f2b1b26\" data-element_type=\"column\">\n\t\t\t<div class=\"elementor-widget-wrap elementor-element-populated\">\n\t\t\t\t\t\t<div class=\"elementor-element elementor-element-5bb7f4b elementor-widget elementor-widget-passim_core_billboard\" data-id=\"5bb7f4b\" data-element_type=\"widget\" data-settings=\"{&quot;wdt_animation_effect&quot;:&quot;none&quot;}\" data-widget_type=\"passim_core_billboard.default\">\n\t\t\t\t<div class=\"elementor-widget-container\">\n\t\t\t<div class=\"qodef-shortcode qodef-m  qodef-billboard qodef-image-orientations--right qodef-effect--scale\" style=\"height: calc(100vh - 30%)\">\n\t<div class=\"qodef-m-background-image\">\n\t<div class=\"qodef-m-image\" style=\"background-image: url(&quot;https:\/\/theskinorganics.com\/wp-content\/uploads\/2024\/12\/lips-1227699_1280.jpg&quot;);\" data-bottom-top=\"transform: scale(1);\" data-top-bottom=\"transform: scale(1.08);\"><\/div>\n\t<img decoding=\"async\" width=\"1280\" height=\"934\" src=\"https:\/\/theskinorganics.com\/wp-content\/uploads\/2024\/12\/lips-1227699_1280.jpg\" class=\"attachment-full size-full\" alt=\"\" srcset=\"https:\/\/theskinorganics.com\/wp-content\/uploads\/2024\/12\/lips-1227699_1280.jpg 1280w, https:\/\/theskinorganics.com\/wp-content\/uploads\/2024\/12\/lips-1227699_1280-300x219.jpg 300w, https:\/\/theskinorganics.com\/wp-content\/uploads\/2024\/12\/lips-1227699_1280-1024x747.jpg 1024w, https:\/\/theskinorganics.com\/wp-content\/uploads\/2024\/12\/lips-1227699_1280-768x560.jpg 768w, https:\/\/theskinorganics.com\/wp-content\/uploads\/2024\/12\/lips-1227699_1280-600x438.jpg 600w, https:\/\/theskinorganics.com\/wp-content\/uploads\/2024\/12\/lips-1227699_1280-800x584.jpg 800w\" sizes=\"(max-width: 1280px) 100vw, 1280px\" loading=\"eager\" \/><\/div>\n\t<div class=\"qodef-m-content\">\n\t\t<div class=\"qodef-m-content-inner\">\n\t\t\t\t<p class=\"qodef-m-text-field\" style=\"margin-top: 3px\">\n\t\tEksfolijuesi p\u00ebr buz\u00ebt\t<\/p>\n\t\t\t\t<h2 class=\"qodef-m-title\" >\n\t\tI but\u00eb por efektiv\t<\/h2>\n\t\t\t\t<div class=\"qodef-m-button\">\n\t\t<a class=\"qodef-shortcode qodef-m  qodef-button qodef-layout--textual  qodef-html--link\" href=\"https:\/\/theskinorganics.com\/sq\/produkt\/the-lip-treatment-kit\/\" target=\"_self\"  >\t<span class=\"qodef-m-text\">merrni setin<\/span><\/a>\t<\/div>\n\t\t<\/div>\n\t<\/div>\n<\/div>\n\t\t<\/div>\n\t\t\t\t<\/div>\n\t\t\t\t\t<\/div>\n\t\t<\/div>\n\t\t\t\t\t<\/div>\n\t\t<\/section>\n\t\t\t\t<section class=\"elementor-section elementor-top-section elementor-element elementor-element-e3f8d79 elementor-section-full_width elementor-section-height-default elementor-section-height-default qodef-elementor-content-no\" data-id=\"e3f8d79\" data-element_type=\"section\" data-settings=\"{&quot;wdt_bg_image&quot;:{&quot;url&quot;:&quot;&quot;,&quot;id&quot;:&quot;&quot;,&quot;size&quot;:&quot;&quot;},&quot;wdt_bg_image_laptop&quot;:{&quot;url&quot;:&quot;&quot;,&quot;id&quot;:&quot;&quot;,&quot;size&quot;:&quot;&quot;},&quot;wdt_bg_image_tablet_extra&quot;:{&quot;url&quot;:&quot;&quot;,&quot;id&quot;:&quot;&quot;,&quot;size&quot;:&quot;&quot;},&quot;wdt_bg_image_tablet&quot;:{&quot;url&quot;:&quot;&quot;,&quot;id&quot;:&quot;&quot;,&quot;size&quot;:&quot;&quot;},&quot;wdt_bg_image_mobile_extra&quot;:{&quot;url&quot;:&quot;&quot;,&quot;id&quot;:&quot;&quot;,&quot;size&quot;:&quot;&quot;},&quot;wdt_bg_image_mobile&quot;:{&quot;url&quot;:&quot;&quot;,&quot;id&quot;:&quot;&quot;,&quot;size&quot;:&quot;&quot;},&quot;wdt_bg_position&quot;:&quot;center center&quot;,&quot;wdt_animation_effect&quot;:&quot;none&quot;}\">\n\t\t\t\t\t\t<div class=\"elementor-container elementor-column-gap-default\">\n\t\t\t\t\t<div class=\"elementor-column elementor-col-100 elementor-top-column elementor-element elementor-element-b69db09\" data-id=\"b69db09\" data-element_type=\"column\">\n\t\t\t<div class=\"elementor-widget-wrap elementor-element-populated\">\n\t\t\t\t\t\t<div class=\"elementor-element elementor-element-aeb99ff elementor-widget elementor-widget-passim_core_billboard\" data-id=\"aeb99ff\" data-element_type=\"widget\" data-settings=\"{&quot;wdt_animation_effect&quot;:&quot;none&quot;}\" data-widget_type=\"passim_core_billboard.default\">\n\t\t\t\t<div class=\"elementor-widget-container\">\n\t\t\t<div class=\"qodef-shortcode qodef-m  qodef-billboard qodef-image-orientations--left qodef-effect--scale\" style=\"height: calc(100vh - 5%)\">\n\t<div class=\"qodef-m-background-image\">\n\t<div class=\"qodef-m-image\" style=\"background-image: url(&quot;https:\/\/theskinorganics.com\/wp-content\/uploads\/2024\/12\/Lip-set.png&quot;);\" data-bottom-top=\"transform: scale(1);\" data-top-bottom=\"transform: scale(1.08);\"><\/div>\n\t<img decoding=\"async\" width=\"892\" height=\"647\" src=\"https:\/\/theskinorganics.com\/wp-content\/uploads\/2024\/12\/Lip-set.png\" class=\"attachment-full size-full\" alt=\"\" srcset=\"https:\/\/theskinorganics.com\/wp-content\/uploads\/2024\/12\/Lip-set.png 892w, https:\/\/theskinorganics.com\/wp-content\/uploads\/2024\/12\/Lip-set-300x218.png 300w, https:\/\/theskinorganics.com\/wp-content\/uploads\/2024\/12\/Lip-set-768x557.png 768w, https:\/\/theskinorganics.com\/wp-content\/uploads\/2024\/12\/Lip-set-600x435.png 600w, https:\/\/theskinorganics.com\/wp-content\/uploads\/2024\/12\/Lip-set-800x580.png 800w\" sizes=\"(max-width: 892px) 100vw, 892px\" loading=\"eager\" \/><\/div>\n\t<div class=\"qodef-m-content\">\n\t\t<div class=\"qodef-m-content-inner\">\n\t\t\t\t<p class=\"qodef-m-text-field\" style=\"margin-top: 3px\">\n\t\tSeti i buz\u00ebve\t<\/p>\n\t\t\t\t<h2 class=\"qodef-m-title\" >\n\t\tformul\u00eb hidratuese\t<\/h2>\n\t\t\t\t<div class=\"qodef-m-button\">\n\t\t<a class=\"qodef-shortcode qodef-m  qodef-button qodef-layout--textual  qodef-html--link\" href=\"https:\/\/theskinorganics.com\/sq\/produkt\/the-lip-treatment-kit\/\" target=\"_self\"  >\t<span class=\"qodef-m-text\">merrni setin<\/span><\/a>\t<\/div>\n\t\t<\/div>\n\t<\/div>\n<\/div>\n\t\t<\/div>\n\t\t\t\t<\/div>\n\t\t\t\t\t<\/div>\n\t\t<\/div>\n\t\t\t\t\t<\/div>\n\t\t<\/section>\n\t\t\t\t<\/div>","protected":false},"excerpt":{"rendered":"<p>The Lip Scrub Perfect texture for exfoliation get the kit Get soft, kissable lips after one use. This exfoliator gently buffs away dry, dead skin (without all the mess!) to restore your lips to their healthiest state. The Lip Scrub Gentle but effective get the kit The Lip Set moisturizing formula get the kit<\/p>","protected":false},"author":1,"featured_media":0,"parent":0,"menu_order":0,"comment_status":"closed","ping_status":"closed","template":"page-full-width.php","meta":{"footnotes":""},"class_list":["post-3168","page","type-page","status-publish","hentry"],"jetpack_sharing_enabled":true,"_links":{"self":[{"href":"https:\/\/theskinorganics.com\/sq\/wp-json\/wp\/v2\/pages\/3168","targetHints":{"allow":["GET"]}}],"collection":[{"href":"https:\/\/theskinorganics.com\/sq\/wp-json\/wp\/v2\/pages"}],"about":[{"href":"https:\/\/theskinorganics.com\/sq\/wp-json\/wp\/v2\/types\/page"}],"author":[{"embeddable":true,"href":"https:\/\/theskinorganics.com\/sq\/wp-json\/wp\/v2\/users\/1"}],"replies":[{"embeddable":true,"href":"https:\/\/theskinorganics.com\/sq\/wp-json\/wp\/v2\/comments?post=3168"}],"version-history":[{"count":0,"href":"https:\/\/theskinorganics.com\/sq\/wp-json\/wp\/v2\/pages\/3168\/revisions"}],"wp:attachment":[{"href":"https:\/\/theskinorganics.com\/sq\/wp-json\/wp\/v2\/media?parent=3168"}],"curies":[{"name":"wp","href":"https:\/\/api.w.org\/{rel}","templated":true}]}}