{"id":9879,"date":"2024-11-20T23:19:45","date_gmt":"2024-11-20T22:19:45","guid":{"rendered":"https:\/\/theskinorganics.com\/?post_type=product&#038;p=9879"},"modified":"2026-01-24T11:55:34","modified_gmt":"2026-01-24T10:55:34","slug":"the-christmas-set","status":"publish","type":"product","link":"https:\/\/theskinorganics.com\/sq\/produkt\/the-christmas-set\/","title":{"rendered":"Seti Christmas"},"content":{"rendered":"<div>Eksfolijuesi largon but\u00ebsisht l\u00ebkur\u00ebn e vdekur p\u00ebr at\u00eb ndjesi t\u00eb but\u00eb dhe me shk\u00eblqim.<\/div>\n<div>Gjalpi i Trupit ruan hidratimin, duke e l\u00ebn\u00eb l\u00ebkur\u00ebn tuaj t\u00eb l\u00ebmuar dhe me er\u00eb si magjia e festave.<\/div>\n<div><\/div>\n<div><em>\u00cbsht\u00eb atmosfera perfekte p\u00ebr t\u00eb b\u00ebr\u00eb dhurat\u00eb - ose p\u00ebr ta mbajtur p\u00ebr veten tuaj (ne nuk do t\u00eb gjykojm\u00eb).<\/em><\/div>\n<div><\/div>\n<div>Perfitojeni per sa t\u00eb zgjas\u00eb! Pasi \u00ebsht\u00eb zhdukur, \u00ebsht\u00eb zhdukur.<\/div>","protected":false},"excerpt":{"rendered":"<p>The holidays just got sweeter. Our limited-edition Christmas Set comes with a 50ml Body Butter and 50ml Body Scrub, both in the cozy, mouthwatering scent of Christmas Cookies.<\/p>","protected":false},"featured_media":9908,"template":"","meta":[],"product_cat":[137],"product_tag":[],"class_list":{"0":"post-9879","1":"product","2":"type-product","3":"status-publish","4":"has-post-thumbnail","6":"product_cat-bodyset","8":"first","9":"outofstock","10":"sale","11":"featured","12":"taxable","13":"shipping-taxable","14":"purchasable","15":"product-type-simple"},"jetpack_sharing_enabled":true,"_links":{"self":[{"href":"https:\/\/theskinorganics.com\/sq\/wp-json\/wp\/v2\/product\/9879","targetHints":{"allow":["GET"]}}],"collection":[{"href":"https:\/\/theskinorganics.com\/sq\/wp-json\/wp\/v2\/product"}],"about":[{"href":"https:\/\/theskinorganics.com\/sq\/wp-json\/wp\/v2\/types\/product"}],"version-history":[{"count":0,"href":"https:\/\/theskinorganics.com\/sq\/wp-json\/wp\/v2\/product\/9879\/revisions"}],"wp:featuredmedia":[{"embeddable":true,"href":"https:\/\/theskinorganics.com\/sq\/wp-json\/wp\/v2\/media\/9908"}],"wp:attachment":[{"href":"https:\/\/theskinorganics.com\/sq\/wp-json\/wp\/v2\/media?parent=9879"}],"wp:term":[{"taxonomy":"product_cat","embeddable":true,"href":"https:\/\/theskinorganics.com\/sq\/wp-json\/wp\/v2\/product_cat?post=9879"},{"taxonomy":"product_tag","embeddable":true,"href":"https:\/\/theskinorganics.com\/sq\/wp-json\/wp\/v2\/product_tag?post=9879"}],"curies":[{"name":"wp","href":"https:\/\/api.w.org\/{rel}","templated":true}]}}